{"id":16627,"date":"2025-04-09T18:55:43","date_gmt":"2025-04-09T18:55:43","guid":{"rendered":"https:\/\/www.sdg16.plus\/?page_id=16627"},"modified":"2025-04-14T17:51:27","modified_gmt":"2025-04-14T17:51:27","slug":"alliance-africaine-pour-une-justice-centree-sur-les-personnes-calendrier-2025","status":"publish","type":"page","link":"https:\/\/www.sdg16.plus\/fr\/alliance-africaine-pour-une-justice-centree-sur-les-personnes-calendrier-2025\/","title":{"rendered":"Alliance africaine pour une justice centr\u00e9e sur les personnes Calendrier 2025"},"content":{"rendered":"","protected":false},"excerpt":{"rendered":"","protected":false},"author":22,"featured_media":0,"parent":0,"menu_order":0,"comment_status":"closed","ping_status":"closed","template":"t-flex.php","meta":{"_acf_changed":false,"footnotes":""},"class_list":["post-16627","page","type-page","status-publish","hentry","topics-access-to-justice","topics-justice","topics-justice-for-all","topics-pathfinders","prog_tax-african-alliance-for-people-centered-justice"],"acf":[],"yoast_head":"<!-- This site is optimized with the Yoast SEO plugin v27.4 - https:\/\/yoast.com\/product\/yoast-seo-wordpress\/ -->\n<title>Alliance africaine pour une justice centr\u00e9e sur les personnes Calendrier 2025 - Pathfinders<\/title>\n<meta name=\"description\" content=\"Ce calendrier \u00e9num\u00e8re les principaux \u00e9v\u00e9nements et activit\u00e9s auxquels l&#039;Alliance africaine pour une justice centr\u00e9e sur l&#039;\u00eatre humain participera au cours de l&#039;ann\u00e9e civile 2025.\" \/>\n<meta name=\"robots\" content=\"index, follow, max-snippet:-1, max-image-preview:large, max-video-preview:-1\" \/>\n<link rel=\"canonical\" href=\"https:\/\/www.sdg16.plus\/fr\/alliance-africaine-pour-une-justice-centree-sur-les-personnes-calendrier-2025\/\" \/>\n<meta property=\"og:locale\" content=\"fr_FR\" \/>\n<meta property=\"og:type\" content=\"article\" \/>\n<meta property=\"og:title\" content=\"Alliance africaine pour une justice centr\u00e9e sur les personnes Calendrier 2025 - Pathfinders\" \/>\n<meta property=\"og:description\" content=\"Ce calendrier \u00e9num\u00e8re les principaux \u00e9v\u00e9nements et activit\u00e9s auxquels l&#039;Alliance africaine pour une justice centr\u00e9e sur l&#039;\u00eatre humain participera au cours de l&#039;ann\u00e9e civile 2025.\" \/>\n<meta property=\"og:url\" content=\"https:\/\/www.sdg16.plus\/fr\/alliance-africaine-pour-une-justice-centree-sur-les-personnes-calendrier-2025\/\" \/>\n<meta property=\"og:site_name\" content=\"Pathfinders\" \/>\n<meta property=\"article:modified_time\" content=\"2025-04-14T17:51:27+00:00\" \/>\n<meta name=\"twitter:card\" content=\"summary_large_image\" \/>\n<script type=\"application\/ld+json\" class=\"yoast-schema-graph\">{\"@context\":\"https:\\\/\\\/schema.org\",\"@graph\":[{\"@type\":\"WebPage\",\"@id\":\"https:\\\/\\\/www.sdg16.plus\\\/fr\\\/alliance-africaine-pour-une-justice-centree-sur-les-personnes-calendrier-2025\\\/\",\"url\":\"https:\\\/\\\/www.sdg16.plus\\\/fr\\\/alliance-africaine-pour-une-justice-centree-sur-les-personnes-calendrier-2025\\\/\",\"name\":\"Alliance africaine pour une justice centr\u00e9e sur les personnes Calendrier 2025 - Pathfinders\",\"isPartOf\":{\"@id\":\"https:\\\/\\\/www.sdg16.plus\\\/fr\\\/#website\"},\"datePublished\":\"2025-04-09T18:55:43+00:00\",\"dateModified\":\"2025-04-14T17:51:27+00:00\",\"description\":\"Ce calendrier \u00e9num\u00e8re les principaux \u00e9v\u00e9nements et activit\u00e9s auxquels l'Alliance africaine pour une justice centr\u00e9e sur l'\u00eatre humain participera au cours de l'ann\u00e9e civile 2025.\",\"breadcrumb\":{\"@id\":\"https:\\\/\\\/www.sdg16.plus\\\/fr\\\/alliance-africaine-pour-une-justice-centree-sur-les-personnes-calendrier-2025\\\/#breadcrumb\"},\"inLanguage\":\"fr-FR\",\"potentialAction\":[{\"@type\":\"ReadAction\",\"target\":[\"https:\\\/\\\/www.sdg16.plus\\\/fr\\\/alliance-africaine-pour-une-justice-centree-sur-les-personnes-calendrier-2025\\\/\"]}]},{\"@type\":\"BreadcrumbList\",\"@id\":\"https:\\\/\\\/www.sdg16.plus\\\/fr\\\/alliance-africaine-pour-une-justice-centree-sur-les-personnes-calendrier-2025\\\/#breadcrumb\",\"itemListElement\":[{\"@type\":\"ListItem\",\"position\":1,\"name\":\"Home\",\"item\":\"https:\\\/\\\/www.sdg16.plus\\\/fr\\\/\"},{\"@type\":\"ListItem\",\"position\":2,\"name\":\"Alliance africaine pour une justice centr\u00e9e sur les personnes Calendrier 2025\"}]},{\"@type\":\"WebSite\",\"@id\":\"https:\\\/\\\/www.sdg16.plus\\\/fr\\\/#website\",\"url\":\"https:\\\/\\\/www.sdg16.plus\\\/fr\\\/\",\"name\":\"Pathfinders\",\"description\":\"\",\"potentialAction\":[{\"@type\":\"SearchAction\",\"target\":{\"@type\":\"EntryPoint\",\"urlTemplate\":\"https:\\\/\\\/www.sdg16.plus\\\/fr\\\/?s={search_term_string}\"},\"query-input\":{\"@type\":\"PropertyValueSpecification\",\"valueRequired\":true,\"valueName\":\"search_term_string\"}}],\"inLanguage\":\"fr-FR\"}]}<\/script>\n<!-- \/ Yoast SEO plugin. -->","yoast_head_json":{"title":"Alliance africaine pour une justice centr\u00e9e sur les personnes Calendrier 2025 - Pathfinders","description":"Ce calendrier \u00e9num\u00e8re les principaux \u00e9v\u00e9nements et activit\u00e9s auxquels l'Alliance africaine pour une justice centr\u00e9e sur l'\u00eatre humain participera au cours de l'ann\u00e9e civile 2025.","robots":{"index":"index","follow":"follow","max-snippet":"max-snippet:-1","max-image-preview":"max-image-preview:large","max-video-preview":"max-video-preview:-1"},"canonical":"https:\/\/www.sdg16.plus\/fr\/alliance-africaine-pour-une-justice-centree-sur-les-personnes-calendrier-2025\/","og_locale":"fr_FR","og_type":"article","og_title":"Alliance africaine pour une justice centr\u00e9e sur les personnes Calendrier 2025 - Pathfinders","og_description":"Ce calendrier \u00e9num\u00e8re les principaux \u00e9v\u00e9nements et activit\u00e9s auxquels l'Alliance africaine pour une justice centr\u00e9e sur l'\u00eatre humain participera au cours de l'ann\u00e9e civile 2025.","og_url":"https:\/\/www.sdg16.plus\/fr\/alliance-africaine-pour-une-justice-centree-sur-les-personnes-calendrier-2025\/","og_site_name":"Pathfinders","article_modified_time":"2025-04-14T17:51:27+00:00","twitter_card":"summary_large_image","schema":{"@context":"https:\/\/schema.org","@graph":[{"@type":"WebPage","@id":"https:\/\/www.sdg16.plus\/fr\/alliance-africaine-pour-une-justice-centree-sur-les-personnes-calendrier-2025\/","url":"https:\/\/www.sdg16.plus\/fr\/alliance-africaine-pour-une-justice-centree-sur-les-personnes-calendrier-2025\/","name":"Alliance africaine pour une justice centr\u00e9e sur les personnes Calendrier 2025 - Pathfinders","isPartOf":{"@id":"https:\/\/www.sdg16.plus\/fr\/#website"},"datePublished":"2025-04-09T18:55:43+00:00","dateModified":"2025-04-14T17:51:27+00:00","description":"Ce calendrier \u00e9num\u00e8re les principaux \u00e9v\u00e9nements et activit\u00e9s auxquels l'Alliance africaine pour une justice centr\u00e9e sur l'\u00eatre humain participera au cours de l'ann\u00e9e civile 2025.","breadcrumb":{"@id":"https:\/\/www.sdg16.plus\/fr\/alliance-africaine-pour-une-justice-centree-sur-les-personnes-calendrier-2025\/#breadcrumb"},"inLanguage":"fr-FR","potentialAction":[{"@type":"ReadAction","target":["https:\/\/www.sdg16.plus\/fr\/alliance-africaine-pour-une-justice-centree-sur-les-personnes-calendrier-2025\/"]}]},{"@type":"BreadcrumbList","@id":"https:\/\/www.sdg16.plus\/fr\/alliance-africaine-pour-une-justice-centree-sur-les-personnes-calendrier-2025\/#breadcrumb","itemListElement":[{"@type":"ListItem","position":1,"name":"Home","item":"https:\/\/www.sdg16.plus\/fr\/"},{"@type":"ListItem","position":2,"name":"Alliance africaine pour une justice centr\u00e9e sur les personnes Calendrier 2025"}]},{"@type":"WebSite","@id":"https:\/\/www.sdg16.plus\/fr\/#website","url":"https:\/\/www.sdg16.plus\/fr\/","name":"Pathfinders","description":"","potentialAction":[{"@type":"SearchAction","target":{"@type":"EntryPoint","urlTemplate":"https:\/\/www.sdg16.plus\/fr\/?s={search_term_string}"},"query-input":{"@type":"PropertyValueSpecification","valueRequired":true,"valueName":"search_term_string"}}],"inLanguage":"fr-FR"}]}},"_links":{"self":[{"href":"https:\/\/www.sdg16.plus\/fr\/wp-json\/wp\/v2\/pages\/16627","targetHints":{"allow":["GET"]}}],"collection":[{"href":"https:\/\/www.sdg16.plus\/fr\/wp-json\/wp\/v2\/pages"}],"about":[{"href":"https:\/\/www.sdg16.plus\/fr\/wp-json\/wp\/v2\/types\/page"}],"author":[{"embeddable":true,"href":"https:\/\/www.sdg16.plus\/fr\/wp-json\/wp\/v2\/users\/22"}],"replies":[{"embeddable":true,"href":"https:\/\/www.sdg16.plus\/fr\/wp-json\/wp\/v2\/comments?post=16627"}],"version-history":[{"count":0,"href":"https:\/\/www.sdg16.plus\/fr\/wp-json\/wp\/v2\/pages\/16627\/revisions"}],"wp:attachment":[{"href":"https:\/\/www.sdg16.plus\/fr\/wp-json\/wp\/v2\/media?parent=16627"}],"curies":[{"name":"wp","href":"https:\/\/api.w.org\/{rel}","templated":true}]}}