{"id":13964,"date":"2023-04-21T15:37:23","date_gmt":"2023-04-21T15:37:23","guid":{"rendered":"https:\/\/www.sdg16.plus\/?page_id=13964"},"modified":"2024-11-12T19:51:01","modified_gmt":"2024-11-12T19:51:01","slug":"themes-politiques","status":"publish","type":"page","link":"https:\/\/www.sdg16.plus\/fr\/accueil\/themes-politiques\/","title":{"rendered":"Th\u00e8mes politiques"},"content":{"rendered":"","protected":false},"excerpt":{"rendered":"","protected":false},"author":2,"featured_media":0,"parent":12540,"menu_order":0,"comment_status":"open","ping_status":"closed","template":"policies\/t-policy-subcat.php","meta":{"_acf_changed":false,"footnotes":""},"class_list":["post-13964","page","type-page","status-publish","hentry"],"acf":[],"yoast_head":"<!-- This site is optimized with the Yoast SEO plugin v27.4 - https:\/\/yoast.com\/product\/yoast-seo-wordpress\/ -->\n<title>Th\u00e8mes | Portail de solutions pour l&#039;in\u00e9galit\u00e9<\/title>\n<meta name=\"description\" content=\"Explorez les politiques \u00e0 travers les th\u00e8mes qui vous int\u00e9ressent - du renforcement de la solidarit\u00e9 et du logement \u00e0 la protection sociale et aux politiques de justice.\" \/>\n<meta name=\"robots\" content=\"index, follow, max-snippet:-1, max-image-preview:large, max-video-preview:-1\" \/>\n<link rel=\"canonical\" href=\"https:\/\/www.sdg16.plus\/fr\/accueil\/themes-politiques\/\" \/>\n<meta property=\"og:locale\" content=\"fr_FR\" \/>\n<meta property=\"og:type\" content=\"article\" \/>\n<meta property=\"og:title\" content=\"Th\u00e8mes | Portail de solutions pour l&#039;in\u00e9galit\u00e9\" \/>\n<meta property=\"og:description\" content=\"Explorez les politiques \u00e0 travers les th\u00e8mes qui vous int\u00e9ressent - du renforcement de la solidarit\u00e9 et du logement \u00e0 la protection sociale et aux politiques de justice.\" \/>\n<meta property=\"og:url\" content=\"https:\/\/www.sdg16.plus\/fr\/accueil\/themes-politiques\/\" \/>\n<meta property=\"og:site_name\" content=\"Pathfinders\" \/>\n<meta property=\"article:modified_time\" content=\"2024-11-12T19:51:01+00:00\" \/>\n<meta name=\"twitter:card\" content=\"summary_large_image\" \/>\n<script type=\"application\/ld+json\" class=\"yoast-schema-graph\">{\"@context\":\"https:\\\/\\\/schema.org\",\"@graph\":[{\"@type\":\"WebPage\",\"@id\":\"https:\\\/\\\/www.sdg16.plus\\\/fr\\\/accueil\\\/themes-politiques\\\/\",\"url\":\"https:\\\/\\\/www.sdg16.plus\\\/fr\\\/accueil\\\/themes-politiques\\\/\",\"name\":\"Th\u00e8mes | Portail de solutions pour l'in\u00e9galit\u00e9\",\"isPartOf\":{\"@id\":\"https:\\\/\\\/www.sdg16.plus\\\/fr\\\/#website\"},\"datePublished\":\"2023-04-21T15:37:23+00:00\",\"dateModified\":\"2024-11-12T19:51:01+00:00\",\"description\":\"Explorez les politiques \u00e0 travers les th\u00e8mes qui vous int\u00e9ressent - du renforcement de la solidarit\u00e9 et du logement \u00e0 la protection sociale et aux politiques de justice.\",\"breadcrumb\":{\"@id\":\"https:\\\/\\\/www.sdg16.plus\\\/fr\\\/accueil\\\/themes-politiques\\\/#breadcrumb\"},\"inLanguage\":\"fr-FR\",\"potentialAction\":[{\"@type\":\"ReadAction\",\"target\":[\"https:\\\/\\\/www.sdg16.plus\\\/fr\\\/accueil\\\/themes-politiques\\\/\"]}]},{\"@type\":\"BreadcrumbList\",\"@id\":\"https:\\\/\\\/www.sdg16.plus\\\/fr\\\/accueil\\\/themes-politiques\\\/#breadcrumb\",\"itemListElement\":[{\"@type\":\"ListItem\",\"position\":1,\"name\":\"Home\",\"item\":\"https:\\\/\\\/www.sdg16.plus\\\/fr\\\/\"},{\"@type\":\"ListItem\",\"position\":2,\"name\":\"Accueil\",\"item\":\"https:\\\/\\\/www.sdg16.plus\\\/fr\\\/accueil\\\/\"},{\"@type\":\"ListItem\",\"position\":3,\"name\":\"Th\u00e8mes politiques\"}]},{\"@type\":\"WebSite\",\"@id\":\"https:\\\/\\\/www.sdg16.plus\\\/fr\\\/#website\",\"url\":\"https:\\\/\\\/www.sdg16.plus\\\/fr\\\/\",\"name\":\"Pathfinders\",\"description\":\"\",\"potentialAction\":[{\"@type\":\"SearchAction\",\"target\":{\"@type\":\"EntryPoint\",\"urlTemplate\":\"https:\\\/\\\/www.sdg16.plus\\\/fr\\\/?s={search_term_string}\"},\"query-input\":{\"@type\":\"PropertyValueSpecification\",\"valueRequired\":true,\"valueName\":\"search_term_string\"}}],\"inLanguage\":\"fr-FR\"}]}<\/script>\n<!-- \/ Yoast SEO plugin. -->","yoast_head_json":{"title":"Th\u00e8mes | Portail de solutions pour l'in\u00e9galit\u00e9","description":"Explorez les politiques \u00e0 travers les th\u00e8mes qui vous int\u00e9ressent - du renforcement de la solidarit\u00e9 et du logement \u00e0 la protection sociale et aux politiques de justice.","robots":{"index":"index","follow":"follow","max-snippet":"max-snippet:-1","max-image-preview":"max-image-preview:large","max-video-preview":"max-video-preview:-1"},"canonical":"https:\/\/www.sdg16.plus\/fr\/accueil\/themes-politiques\/","og_locale":"fr_FR","og_type":"article","og_title":"Th\u00e8mes | Portail de solutions pour l'in\u00e9galit\u00e9","og_description":"Explorez les politiques \u00e0 travers les th\u00e8mes qui vous int\u00e9ressent - du renforcement de la solidarit\u00e9 et du logement \u00e0 la protection sociale et aux politiques de justice.","og_url":"https:\/\/www.sdg16.plus\/fr\/accueil\/themes-politiques\/","og_site_name":"Pathfinders","article_modified_time":"2024-11-12T19:51:01+00:00","twitter_card":"summary_large_image","schema":{"@context":"https:\/\/schema.org","@graph":[{"@type":"WebPage","@id":"https:\/\/www.sdg16.plus\/fr\/accueil\/themes-politiques\/","url":"https:\/\/www.sdg16.plus\/fr\/accueil\/themes-politiques\/","name":"Th\u00e8mes | Portail de solutions pour l'in\u00e9galit\u00e9","isPartOf":{"@id":"https:\/\/www.sdg16.plus\/fr\/#website"},"datePublished":"2023-04-21T15:37:23+00:00","dateModified":"2024-11-12T19:51:01+00:00","description":"Explorez les politiques \u00e0 travers les th\u00e8mes qui vous int\u00e9ressent - du renforcement de la solidarit\u00e9 et du logement \u00e0 la protection sociale et aux politiques de justice.","breadcrumb":{"@id":"https:\/\/www.sdg16.plus\/fr\/accueil\/themes-politiques\/#breadcrumb"},"inLanguage":"fr-FR","potentialAction":[{"@type":"ReadAction","target":["https:\/\/www.sdg16.plus\/fr\/accueil\/themes-politiques\/"]}]},{"@type":"BreadcrumbList","@id":"https:\/\/www.sdg16.plus\/fr\/accueil\/themes-politiques\/#breadcrumb","itemListElement":[{"@type":"ListItem","position":1,"name":"Home","item":"https:\/\/www.sdg16.plus\/fr\/"},{"@type":"ListItem","position":2,"name":"Accueil","item":"https:\/\/www.sdg16.plus\/fr\/accueil\/"},{"@type":"ListItem","position":3,"name":"Th\u00e8mes politiques"}]},{"@type":"WebSite","@id":"https:\/\/www.sdg16.plus\/fr\/#website","url":"https:\/\/www.sdg16.plus\/fr\/","name":"Pathfinders","description":"","potentialAction":[{"@type":"SearchAction","target":{"@type":"EntryPoint","urlTemplate":"https:\/\/www.sdg16.plus\/fr\/?s={search_term_string}"},"query-input":{"@type":"PropertyValueSpecification","valueRequired":true,"valueName":"search_term_string"}}],"inLanguage":"fr-FR"}]}},"_links":{"self":[{"href":"https:\/\/www.sdg16.plus\/fr\/wp-json\/wp\/v2\/pages\/13964","targetHints":{"allow":["GET"]}}],"collection":[{"href":"https:\/\/www.sdg16.plus\/fr\/wp-json\/wp\/v2\/pages"}],"about":[{"href":"https:\/\/www.sdg16.plus\/fr\/wp-json\/wp\/v2\/types\/page"}],"author":[{"embeddable":true,"href":"https:\/\/www.sdg16.plus\/fr\/wp-json\/wp\/v2\/users\/2"}],"replies":[{"embeddable":true,"href":"https:\/\/www.sdg16.plus\/fr\/wp-json\/wp\/v2\/comments?post=13964"}],"version-history":[{"count":0,"href":"https:\/\/www.sdg16.plus\/fr\/wp-json\/wp\/v2\/pages\/13964\/revisions"}],"up":[{"embeddable":true,"href":"https:\/\/www.sdg16.plus\/fr\/wp-json\/wp\/v2\/pages\/12540"}],"wp:attachment":[{"href":"https:\/\/www.sdg16.plus\/fr\/wp-json\/wp\/v2\/media?parent=13964"}],"curies":[{"name":"wp","href":"https:\/\/api.w.org\/{rel}","templated":true}]}}