{"id":12542,"date":"2023-05-11T15:23:48","date_gmt":"2023-05-11T15:23:48","guid":{"rendered":"https:\/\/www.sdg16.plus\/?page_id=12542"},"modified":"2024-11-12T19:52:27","modified_gmt":"2024-11-12T19:52:27","slug":"contributeurs-a-la-politique","status":"publish","type":"page","link":"https:\/\/www.sdg16.plus\/fr\/accueil\/politique\/contributeurs-a-la-politique\/","title":{"rendered":"Contributeurs \u00e0 la politique"},"content":{"rendered":"<p><span style=\"font-weight: 400;\">Le site web \u00ab\u00a0Inequality Solutions\u00a0\u00bb est un projet de collaboration entre des personnes et des organisations qui croient que le changement est possible et qui se soucient profond\u00e9ment de la r\u00e9duction des in\u00e9galit\u00e9s dans le monde. <\/span><\/p>\n<p><span style=\"font-weight: 400;\">Le portail est g\u00e9r\u00e9 par Pathfinders for Peaceful, Inclusive and Just Societies (h\u00e9berg\u00e9 par le NYU Center on International Cooperation), en partenariat avec l&rsquo;UN ESCWA et divers autres \u00e9tablissements universitaires, \u00e9tudiants, experts et groupes de la soci\u00e9t\u00e9 civile. Les auteurs peuvent \u00eatre trouv\u00e9s sous chaque politique, mettant en \u00e9vidence l&rsquo;effort collectif et les contributions qui ont \u00e9t\u00e9 faites pour cr\u00e9er cette ressource pr\u00e9cieuse. <\/span><\/p>\n<p><b>Si vous avez une politique innovante que vous souhaitez partager avec le monde, vos contributions sont les bienvenues. <\/b><\/p>\n<p><span style=\"font-weight: 400;\">Veuillez envoyer un courriel \u00e0 <a href=\"mailto:info@inequalitysolutions.com\">info@inequalitysolutions.com<\/a><\/span> <span style=\"font-weight: 400;\">pour soumettre votre id\u00e9e de politique \u00e0 l&rsquo;examen. <\/span><\/p>\n<p><i><span style=\"font-weight: 400;\">Ensemble, nous pouvons progresser vers un monde plus \u00e9galitaire et plus inclusif.<\/span><\/i><\/p>\n","protected":false},"excerpt":{"rendered":"<p>Le site web \u00ab\u00a0Inequality Solutions\u00a0\u00bb est un projet de collaboration entre des personnes et des organisations qui croient que le changement est possible et qui se soucient profond\u00e9ment de la r\u00e9duction des in\u00e9galit\u00e9s dans le monde. Le portail est g\u00e9r\u00e9 par Pathfinders for Peaceful, Inclusive and Just Societies (h\u00e9berg\u00e9 par le NYU Center on International<\/p>\n","protected":false},"author":2,"featured_media":0,"parent":12536,"menu_order":0,"comment_status":"open","ping_status":"closed","template":"policies\/t-policy-flex.php","meta":{"_acf_changed":false,"footnotes":""},"class_list":["post-12542","page","type-page","status-publish","hentry"],"acf":[],"yoast_head":"<!-- This site is optimized with the Yoast SEO plugin v27.3 - https:\/\/yoast.com\/product\/yoast-seo-wordpress\/ -->\n<title>Contributeurs | Portail des solutions aux in\u00e9galit\u00e9s<\/title>\n<meta name=\"description\" content=\"En savoir plus sur les contributeurs du portail des solutions aux in\u00e9galit\u00e9s !\" \/>\n<meta name=\"robots\" content=\"index, follow, max-snippet:-1, max-image-preview:large, max-video-preview:-1\" \/>\n<link rel=\"canonical\" href=\"https:\/\/www.sdg16.plus\/fr\/accueil\/politique\/contributeurs-a-la-politique\/\" \/>\n<meta property=\"og:locale\" content=\"fr_FR\" \/>\n<meta property=\"og:type\" content=\"article\" \/>\n<meta property=\"og:title\" content=\"Contributeurs | Portail des solutions aux in\u00e9galit\u00e9s\" \/>\n<meta property=\"og:description\" content=\"En savoir plus sur les contributeurs du portail des solutions aux in\u00e9galit\u00e9s !\" \/>\n<meta property=\"og:url\" content=\"https:\/\/www.sdg16.plus\/fr\/accueil\/politique\/contributeurs-a-la-politique\/\" \/>\n<meta property=\"og:site_name\" content=\"Pathfinders\" \/>\n<meta property=\"article:modified_time\" content=\"2024-11-12T19:52:27+00:00\" \/>\n<meta name=\"twitter:card\" content=\"summary_large_image\" \/>\n<meta name=\"twitter:label1\" content=\"Dur\u00e9e de lecture estim\u00e9e\" \/>\n\t<meta name=\"twitter:data1\" content=\"1 minute\" \/>\n<script type=\"application\/ld+json\" class=\"yoast-schema-graph\">{\"@context\":\"https:\\\/\\\/schema.org\",\"@graph\":[{\"@type\":\"WebPage\",\"@id\":\"https:\\\/\\\/www.sdg16.plus\\\/fr\\\/accueil\\\/politique\\\/contributeurs-a-la-politique\\\/\",\"url\":\"https:\\\/\\\/www.sdg16.plus\\\/fr\\\/accueil\\\/politique\\\/contributeurs-a-la-politique\\\/\",\"name\":\"Contributeurs | Portail des solutions aux in\u00e9galit\u00e9s\",\"isPartOf\":{\"@id\":\"https:\\\/\\\/www.sdg16.plus\\\/fr\\\/#website\"},\"datePublished\":\"2023-05-11T15:23:48+00:00\",\"dateModified\":\"2024-11-12T19:52:27+00:00\",\"description\":\"En savoir plus sur les contributeurs du portail des solutions aux in\u00e9galit\u00e9s !\",\"breadcrumb\":{\"@id\":\"https:\\\/\\\/www.sdg16.plus\\\/fr\\\/accueil\\\/politique\\\/contributeurs-a-la-politique\\\/#breadcrumb\"},\"inLanguage\":\"fr-FR\",\"potentialAction\":[{\"@type\":\"ReadAction\",\"target\":[\"https:\\\/\\\/www.sdg16.plus\\\/fr\\\/accueil\\\/politique\\\/contributeurs-a-la-politique\\\/\"]}]},{\"@type\":\"BreadcrumbList\",\"@id\":\"https:\\\/\\\/www.sdg16.plus\\\/fr\\\/accueil\\\/politique\\\/contributeurs-a-la-politique\\\/#breadcrumb\",\"itemListElement\":[{\"@type\":\"ListItem\",\"position\":1,\"name\":\"Home\",\"item\":\"https:\\\/\\\/www.sdg16.plus\\\/fr\\\/\"},{\"@type\":\"ListItem\",\"position\":2,\"name\":\"Accueil\",\"item\":\"https:\\\/\\\/www.sdg16.plus\\\/fr\\\/accueil\\\/\"},{\"@type\":\"ListItem\",\"position\":3,\"name\":\"Politique \u00e0 propos de\",\"item\":\"https:\\\/\\\/www.sdg16.plus\\\/fr\\\/accueil\\\/politique\\\/\"},{\"@type\":\"ListItem\",\"position\":4,\"name\":\"Contributeurs \u00e0 la politique\"}]},{\"@type\":\"WebSite\",\"@id\":\"https:\\\/\\\/www.sdg16.plus\\\/fr\\\/#website\",\"url\":\"https:\\\/\\\/www.sdg16.plus\\\/fr\\\/\",\"name\":\"Pathfinders\",\"description\":\"\",\"potentialAction\":[{\"@type\":\"SearchAction\",\"target\":{\"@type\":\"EntryPoint\",\"urlTemplate\":\"https:\\\/\\\/www.sdg16.plus\\\/fr\\\/?s={search_term_string}\"},\"query-input\":{\"@type\":\"PropertyValueSpecification\",\"valueRequired\":true,\"valueName\":\"search_term_string\"}}],\"inLanguage\":\"fr-FR\"}]}<\/script>\n<!-- \/ Yoast SEO plugin. -->","yoast_head_json":{"title":"Contributeurs | Portail des solutions aux in\u00e9galit\u00e9s","description":"En savoir plus sur les contributeurs du portail des solutions aux in\u00e9galit\u00e9s !","robots":{"index":"index","follow":"follow","max-snippet":"max-snippet:-1","max-image-preview":"max-image-preview:large","max-video-preview":"max-video-preview:-1"},"canonical":"https:\/\/www.sdg16.plus\/fr\/accueil\/politique\/contributeurs-a-la-politique\/","og_locale":"fr_FR","og_type":"article","og_title":"Contributeurs | Portail des solutions aux in\u00e9galit\u00e9s","og_description":"En savoir plus sur les contributeurs du portail des solutions aux in\u00e9galit\u00e9s !","og_url":"https:\/\/www.sdg16.plus\/fr\/accueil\/politique\/contributeurs-a-la-politique\/","og_site_name":"Pathfinders","article_modified_time":"2024-11-12T19:52:27+00:00","twitter_card":"summary_large_image","twitter_misc":{"Dur\u00e9e de lecture estim\u00e9e":"1 minute"},"schema":{"@context":"https:\/\/schema.org","@graph":[{"@type":"WebPage","@id":"https:\/\/www.sdg16.plus\/fr\/accueil\/politique\/contributeurs-a-la-politique\/","url":"https:\/\/www.sdg16.plus\/fr\/accueil\/politique\/contributeurs-a-la-politique\/","name":"Contributeurs | Portail des solutions aux in\u00e9galit\u00e9s","isPartOf":{"@id":"https:\/\/www.sdg16.plus\/fr\/#website"},"datePublished":"2023-05-11T15:23:48+00:00","dateModified":"2024-11-12T19:52:27+00:00","description":"En savoir plus sur les contributeurs du portail des solutions aux in\u00e9galit\u00e9s !","breadcrumb":{"@id":"https:\/\/www.sdg16.plus\/fr\/accueil\/politique\/contributeurs-a-la-politique\/#breadcrumb"},"inLanguage":"fr-FR","potentialAction":[{"@type":"ReadAction","target":["https:\/\/www.sdg16.plus\/fr\/accueil\/politique\/contributeurs-a-la-politique\/"]}]},{"@type":"BreadcrumbList","@id":"https:\/\/www.sdg16.plus\/fr\/accueil\/politique\/contributeurs-a-la-politique\/#breadcrumb","itemListElement":[{"@type":"ListItem","position":1,"name":"Home","item":"https:\/\/www.sdg16.plus\/fr\/"},{"@type":"ListItem","position":2,"name":"Accueil","item":"https:\/\/www.sdg16.plus\/fr\/accueil\/"},{"@type":"ListItem","position":3,"name":"Politique \u00e0 propos de","item":"https:\/\/www.sdg16.plus\/fr\/accueil\/politique\/"},{"@type":"ListItem","position":4,"name":"Contributeurs \u00e0 la politique"}]},{"@type":"WebSite","@id":"https:\/\/www.sdg16.plus\/fr\/#website","url":"https:\/\/www.sdg16.plus\/fr\/","name":"Pathfinders","description":"","potentialAction":[{"@type":"SearchAction","target":{"@type":"EntryPoint","urlTemplate":"https:\/\/www.sdg16.plus\/fr\/?s={search_term_string}"},"query-input":{"@type":"PropertyValueSpecification","valueRequired":true,"valueName":"search_term_string"}}],"inLanguage":"fr-FR"}]}},"_links":{"self":[{"href":"https:\/\/www.sdg16.plus\/fr\/wp-json\/wp\/v2\/pages\/12542","targetHints":{"allow":["GET"]}}],"collection":[{"href":"https:\/\/www.sdg16.plus\/fr\/wp-json\/wp\/v2\/pages"}],"about":[{"href":"https:\/\/www.sdg16.plus\/fr\/wp-json\/wp\/v2\/types\/page"}],"author":[{"embeddable":true,"href":"https:\/\/www.sdg16.plus\/fr\/wp-json\/wp\/v2\/users\/2"}],"replies":[{"embeddable":true,"href":"https:\/\/www.sdg16.plus\/fr\/wp-json\/wp\/v2\/comments?post=12542"}],"version-history":[{"count":0,"href":"https:\/\/www.sdg16.plus\/fr\/wp-json\/wp\/v2\/pages\/12542\/revisions"}],"up":[{"embeddable":true,"href":"https:\/\/www.sdg16.plus\/fr\/wp-json\/wp\/v2\/pages\/12536"}],"wp:attachment":[{"href":"https:\/\/www.sdg16.plus\/fr\/wp-json\/wp\/v2\/media?parent=12542"}],"curies":[{"name":"wp","href":"https:\/\/api.w.org\/{rel}","templated":true}]}}