{"id":12540,"date":"2023-04-18T14:04:09","date_gmt":"2023-04-18T14:04:09","guid":{"rendered":"https:\/\/www.sdg16.plus\/?page_id=12540"},"modified":"2024-12-06T21:54:21","modified_gmt":"2024-12-06T21:54:21","slug":"accueil","status":"publish","type":"page","link":"https:\/\/www.sdg16.plus\/fr\/accueil\/","title":{"rendered":"Accueil"},"content":{"rendered":"","protected":false},"excerpt":{"rendered":"","protected":false},"author":2,"featured_media":0,"parent":0,"menu_order":0,"comment_status":"open","ping_status":"closed","template":"policies\/t-policy-landing.php","meta":{"_acf_changed":false,"footnotes":""},"class_list":["post-12540","page","type-page","status-publish","hentry"],"acf":[],"yoast_head":"<!-- This site is optimized with the Yoast SEO plugin v27.3 - https:\/\/yoast.com\/product\/yoast-seo-wordpress\/ -->\n<title>Le portail des solutions aux in\u00e9galit\u00e9s, un projet Pathfinders<\/title>\n<meta name=\"description\" content=\"Une ressource publique unique pour les solutions aux in\u00e9galit\u00e9s et les politiques globales permettant de progresser vers un monde plus \u00e9quitable et inclusif.\" \/>\n<meta name=\"robots\" content=\"index, follow, max-snippet:-1, max-image-preview:large, max-video-preview:-1\" \/>\n<link rel=\"canonical\" href=\"https:\/\/www.sdg16.plus\/fr\/accueil\/\" \/>\n<meta property=\"og:locale\" content=\"fr_FR\" \/>\n<meta property=\"og:type\" content=\"article\" \/>\n<meta property=\"og:title\" content=\"Le portail des solutions aux in\u00e9galit\u00e9s, un projet Pathfinders\" \/>\n<meta property=\"og:description\" content=\"Une ressource publique unique pour les solutions aux in\u00e9galit\u00e9s et les politiques globales permettant de progresser vers un monde plus \u00e9quitable et inclusif.\" \/>\n<meta property=\"og:url\" content=\"https:\/\/www.sdg16.plus\/fr\/accueil\/\" \/>\n<meta property=\"og:site_name\" content=\"Pathfinders\" \/>\n<meta property=\"article:modified_time\" content=\"2024-12-06T21:54:21+00:00\" \/>\n<meta name=\"twitter:card\" content=\"summary_large_image\" \/>\n<script type=\"application\/ld+json\" class=\"yoast-schema-graph\">{\"@context\":\"https:\\\/\\\/schema.org\",\"@graph\":[{\"@type\":\"WebPage\",\"@id\":\"https:\\\/\\\/www.sdg16.plus\\\/fr\\\/accueil\\\/\",\"url\":\"https:\\\/\\\/www.sdg16.plus\\\/fr\\\/accueil\\\/\",\"name\":\"Le portail des solutions aux in\u00e9galit\u00e9s, un projet Pathfinders\",\"isPartOf\":{\"@id\":\"https:\\\/\\\/www.sdg16.plus\\\/fr\\\/#website\"},\"datePublished\":\"2023-04-18T14:04:09+00:00\",\"dateModified\":\"2024-12-06T21:54:21+00:00\",\"description\":\"Une ressource publique unique pour les solutions aux in\u00e9galit\u00e9s et les politiques globales permettant de progresser vers un monde plus \u00e9quitable et inclusif.\",\"breadcrumb\":{\"@id\":\"https:\\\/\\\/www.sdg16.plus\\\/fr\\\/accueil\\\/#breadcrumb\"},\"inLanguage\":\"fr-FR\",\"potentialAction\":[{\"@type\":\"ReadAction\",\"target\":[\"https:\\\/\\\/www.sdg16.plus\\\/fr\\\/accueil\\\/\"]}]},{\"@type\":\"BreadcrumbList\",\"@id\":\"https:\\\/\\\/www.sdg16.plus\\\/fr\\\/accueil\\\/#breadcrumb\",\"itemListElement\":[{\"@type\":\"ListItem\",\"position\":1,\"name\":\"Home\",\"item\":\"https:\\\/\\\/www.sdg16.plus\\\/fr\\\/\"},{\"@type\":\"ListItem\",\"position\":2,\"name\":\"Accueil\"}]},{\"@type\":\"WebSite\",\"@id\":\"https:\\\/\\\/www.sdg16.plus\\\/fr\\\/#website\",\"url\":\"https:\\\/\\\/www.sdg16.plus\\\/fr\\\/\",\"name\":\"Pathfinders\",\"description\":\"\",\"potentialAction\":[{\"@type\":\"SearchAction\",\"target\":{\"@type\":\"EntryPoint\",\"urlTemplate\":\"https:\\\/\\\/www.sdg16.plus\\\/fr\\\/?s={search_term_string}\"},\"query-input\":{\"@type\":\"PropertyValueSpecification\",\"valueRequired\":true,\"valueName\":\"search_term_string\"}}],\"inLanguage\":\"fr-FR\"}]}<\/script>\n<!-- \/ Yoast SEO plugin. -->","yoast_head_json":{"title":"Le portail des solutions aux in\u00e9galit\u00e9s, un projet Pathfinders","description":"Une ressource publique unique pour les solutions aux in\u00e9galit\u00e9s et les politiques globales permettant de progresser vers un monde plus \u00e9quitable et inclusif.","robots":{"index":"index","follow":"follow","max-snippet":"max-snippet:-1","max-image-preview":"max-image-preview:large","max-video-preview":"max-video-preview:-1"},"canonical":"https:\/\/www.sdg16.plus\/fr\/accueil\/","og_locale":"fr_FR","og_type":"article","og_title":"Le portail des solutions aux in\u00e9galit\u00e9s, un projet Pathfinders","og_description":"Une ressource publique unique pour les solutions aux in\u00e9galit\u00e9s et les politiques globales permettant de progresser vers un monde plus \u00e9quitable et inclusif.","og_url":"https:\/\/www.sdg16.plus\/fr\/accueil\/","og_site_name":"Pathfinders","article_modified_time":"2024-12-06T21:54:21+00:00","twitter_card":"summary_large_image","schema":{"@context":"https:\/\/schema.org","@graph":[{"@type":"WebPage","@id":"https:\/\/www.sdg16.plus\/fr\/accueil\/","url":"https:\/\/www.sdg16.plus\/fr\/accueil\/","name":"Le portail des solutions aux in\u00e9galit\u00e9s, un projet Pathfinders","isPartOf":{"@id":"https:\/\/www.sdg16.plus\/fr\/#website"},"datePublished":"2023-04-18T14:04:09+00:00","dateModified":"2024-12-06T21:54:21+00:00","description":"Une ressource publique unique pour les solutions aux in\u00e9galit\u00e9s et les politiques globales permettant de progresser vers un monde plus \u00e9quitable et inclusif.","breadcrumb":{"@id":"https:\/\/www.sdg16.plus\/fr\/accueil\/#breadcrumb"},"inLanguage":"fr-FR","potentialAction":[{"@type":"ReadAction","target":["https:\/\/www.sdg16.plus\/fr\/accueil\/"]}]},{"@type":"BreadcrumbList","@id":"https:\/\/www.sdg16.plus\/fr\/accueil\/#breadcrumb","itemListElement":[{"@type":"ListItem","position":1,"name":"Home","item":"https:\/\/www.sdg16.plus\/fr\/"},{"@type":"ListItem","position":2,"name":"Accueil"}]},{"@type":"WebSite","@id":"https:\/\/www.sdg16.plus\/fr\/#website","url":"https:\/\/www.sdg16.plus\/fr\/","name":"Pathfinders","description":"","potentialAction":[{"@type":"SearchAction","target":{"@type":"EntryPoint","urlTemplate":"https:\/\/www.sdg16.plus\/fr\/?s={search_term_string}"},"query-input":{"@type":"PropertyValueSpecification","valueRequired":true,"valueName":"search_term_string"}}],"inLanguage":"fr-FR"}]}},"_links":{"self":[{"href":"https:\/\/www.sdg16.plus\/fr\/wp-json\/wp\/v2\/pages\/12540","targetHints":{"allow":["GET"]}}],"collection":[{"href":"https:\/\/www.sdg16.plus\/fr\/wp-json\/wp\/v2\/pages"}],"about":[{"href":"https:\/\/www.sdg16.plus\/fr\/wp-json\/wp\/v2\/types\/page"}],"author":[{"embeddable":true,"href":"https:\/\/www.sdg16.plus\/fr\/wp-json\/wp\/v2\/users\/2"}],"replies":[{"embeddable":true,"href":"https:\/\/www.sdg16.plus\/fr\/wp-json\/wp\/v2\/comments?post=12540"}],"version-history":[{"count":0,"href":"https:\/\/www.sdg16.plus\/fr\/wp-json\/wp\/v2\/pages\/12540\/revisions"}],"wp:attachment":[{"href":"https:\/\/www.sdg16.plus\/fr\/wp-json\/wp\/v2\/media?parent=12540"}],"curies":[{"name":"wp","href":"https:\/\/api.w.org\/{rel}","templated":true}]}}