{"id":12552,"date":"2023-04-21T17:58:03","date_gmt":"2023-04-21T17:58:03","guid":{"rendered":"https:\/\/www.sdg16.plus\/?page_id=12552"},"modified":"2024-11-05T15:16:22","modified_gmt":"2024-11-05T15:16:22","slug":"regiones-politicas","status":"publish","type":"page","link":"https:\/\/www.sdg16.plus\/es\/inicio\/regiones-politicas\/","title":{"rendered":"Regiones pol\u00edticas"},"content":{"rendered":"","protected":false},"excerpt":{"rendered":"","protected":false},"author":2,"featured_media":0,"parent":12541,"menu_order":0,"comment_status":"open","ping_status":"closed","template":"policies\/t-policy-subcat.php","meta":{"_acf_changed":false,"footnotes":""},"class_list":["post-12552","page","type-page","status-publish","hentry"],"acf":[],"yoast_head":"<!-- This site is optimized with the Yoast SEO plugin v27.3 - https:\/\/yoast.com\/product\/yoast-seo-wordpress\/ -->\n<title>Regiones | Portal de soluciones a la desigualdad<\/title>\n<meta name=\"description\" content=\"Descubre las pol\u00edticas globales que abordan la desigualdad en todo el mundo, desde la representaci\u00f3n pol\u00edtica de las mujeres en la India...\" \/>\n<meta name=\"robots\" content=\"index, follow, max-snippet:-1, max-image-preview:large, max-video-preview:-1\" \/>\n<link rel=\"canonical\" href=\"https:\/\/www.sdg16.plus\/es\/inicio\/regiones-politicas\/\" \/>\n<meta property=\"og:locale\" content=\"es_ES\" \/>\n<meta property=\"og:type\" content=\"article\" \/>\n<meta property=\"og:title\" content=\"Regiones | Portal de soluciones a la desigualdad\" \/>\n<meta property=\"og:description\" content=\"Descubre las pol\u00edticas globales que abordan la desigualdad en todo el mundo, desde la representaci\u00f3n pol\u00edtica de las mujeres en la India...\" \/>\n<meta property=\"og:url\" content=\"https:\/\/www.sdg16.plus\/es\/inicio\/regiones-politicas\/\" \/>\n<meta property=\"og:site_name\" content=\"Pathfinders\" \/>\n<meta property=\"article:modified_time\" content=\"2024-11-05T15:16:22+00:00\" \/>\n<meta name=\"twitter:card\" content=\"summary_large_image\" \/>\n<script type=\"application\/ld+json\" class=\"yoast-schema-graph\">{\"@context\":\"https:\\\/\\\/schema.org\",\"@graph\":[{\"@type\":\"WebPage\",\"@id\":\"https:\\\/\\\/www.sdg16.plus\\\/es\\\/inicio\\\/regiones-politicas\\\/\",\"url\":\"https:\\\/\\\/www.sdg16.plus\\\/es\\\/inicio\\\/regiones-politicas\\\/\",\"name\":\"Regiones | Portal de soluciones a la desigualdad\",\"isPartOf\":{\"@id\":\"https:\\\/\\\/www.sdg16.plus\\\/es\\\/#website\"},\"datePublished\":\"2023-04-21T17:58:03+00:00\",\"dateModified\":\"2024-11-05T15:16:22+00:00\",\"description\":\"Descubre las pol\u00edticas globales que abordan la desigualdad en todo el mundo, desde la representaci\u00f3n pol\u00edtica de las mujeres en la India...\",\"breadcrumb\":{\"@id\":\"https:\\\/\\\/www.sdg16.plus\\\/es\\\/inicio\\\/regiones-politicas\\\/#breadcrumb\"},\"inLanguage\":\"es\",\"potentialAction\":[{\"@type\":\"ReadAction\",\"target\":[\"https:\\\/\\\/www.sdg16.plus\\\/es\\\/inicio\\\/regiones-politicas\\\/\"]}]},{\"@type\":\"BreadcrumbList\",\"@id\":\"https:\\\/\\\/www.sdg16.plus\\\/es\\\/inicio\\\/regiones-politicas\\\/#breadcrumb\",\"itemListElement\":[{\"@type\":\"ListItem\",\"position\":1,\"name\":\"Home\",\"item\":\"https:\\\/\\\/www.sdg16.plus\\\/es\\\/\"},{\"@type\":\"ListItem\",\"position\":2,\"name\":\"Inicio\",\"item\":\"https:\\\/\\\/www.sdg16.plus\\\/es\\\/inicio\\\/\"},{\"@type\":\"ListItem\",\"position\":3,\"name\":\"Regiones pol\u00edticas\"}]},{\"@type\":\"WebSite\",\"@id\":\"https:\\\/\\\/www.sdg16.plus\\\/es\\\/#website\",\"url\":\"https:\\\/\\\/www.sdg16.plus\\\/es\\\/\",\"name\":\"Pathfinders\",\"description\":\"\",\"potentialAction\":[{\"@type\":\"SearchAction\",\"target\":{\"@type\":\"EntryPoint\",\"urlTemplate\":\"https:\\\/\\\/www.sdg16.plus\\\/es\\\/?s={search_term_string}\"},\"query-input\":{\"@type\":\"PropertyValueSpecification\",\"valueRequired\":true,\"valueName\":\"search_term_string\"}}],\"inLanguage\":\"es\"}]}<\/script>\n<!-- \/ Yoast SEO plugin. -->","yoast_head_json":{"title":"Regiones | Portal de soluciones a la desigualdad","description":"Descubre las pol\u00edticas globales que abordan la desigualdad en todo el mundo, desde la representaci\u00f3n pol\u00edtica de las mujeres en la India...","robots":{"index":"index","follow":"follow","max-snippet":"max-snippet:-1","max-image-preview":"max-image-preview:large","max-video-preview":"max-video-preview:-1"},"canonical":"https:\/\/www.sdg16.plus\/es\/inicio\/regiones-politicas\/","og_locale":"es_ES","og_type":"article","og_title":"Regiones | Portal de soluciones a la desigualdad","og_description":"Descubre las pol\u00edticas globales que abordan la desigualdad en todo el mundo, desde la representaci\u00f3n pol\u00edtica de las mujeres en la India...","og_url":"https:\/\/www.sdg16.plus\/es\/inicio\/regiones-politicas\/","og_site_name":"Pathfinders","article_modified_time":"2024-11-05T15:16:22+00:00","twitter_card":"summary_large_image","schema":{"@context":"https:\/\/schema.org","@graph":[{"@type":"WebPage","@id":"https:\/\/www.sdg16.plus\/es\/inicio\/regiones-politicas\/","url":"https:\/\/www.sdg16.plus\/es\/inicio\/regiones-politicas\/","name":"Regiones | Portal de soluciones a la desigualdad","isPartOf":{"@id":"https:\/\/www.sdg16.plus\/es\/#website"},"datePublished":"2023-04-21T17:58:03+00:00","dateModified":"2024-11-05T15:16:22+00:00","description":"Descubre las pol\u00edticas globales que abordan la desigualdad en todo el mundo, desde la representaci\u00f3n pol\u00edtica de las mujeres en la India...","breadcrumb":{"@id":"https:\/\/www.sdg16.plus\/es\/inicio\/regiones-politicas\/#breadcrumb"},"inLanguage":"es","potentialAction":[{"@type":"ReadAction","target":["https:\/\/www.sdg16.plus\/es\/inicio\/regiones-politicas\/"]}]},{"@type":"BreadcrumbList","@id":"https:\/\/www.sdg16.plus\/es\/inicio\/regiones-politicas\/#breadcrumb","itemListElement":[{"@type":"ListItem","position":1,"name":"Home","item":"https:\/\/www.sdg16.plus\/es\/"},{"@type":"ListItem","position":2,"name":"Inicio","item":"https:\/\/www.sdg16.plus\/es\/inicio\/"},{"@type":"ListItem","position":3,"name":"Regiones pol\u00edticas"}]},{"@type":"WebSite","@id":"https:\/\/www.sdg16.plus\/es\/#website","url":"https:\/\/www.sdg16.plus\/es\/","name":"Pathfinders","description":"","potentialAction":[{"@type":"SearchAction","target":{"@type":"EntryPoint","urlTemplate":"https:\/\/www.sdg16.plus\/es\/?s={search_term_string}"},"query-input":{"@type":"PropertyValueSpecification","valueRequired":true,"valueName":"search_term_string"}}],"inLanguage":"es"}]}},"_links":{"self":[{"href":"https:\/\/www.sdg16.plus\/es\/wp-json\/wp\/v2\/pages\/12552","targetHints":{"allow":["GET"]}}],"collection":[{"href":"https:\/\/www.sdg16.plus\/es\/wp-json\/wp\/v2\/pages"}],"about":[{"href":"https:\/\/www.sdg16.plus\/es\/wp-json\/wp\/v2\/types\/page"}],"author":[{"embeddable":true,"href":"https:\/\/www.sdg16.plus\/es\/wp-json\/wp\/v2\/users\/2"}],"replies":[{"embeddable":true,"href":"https:\/\/www.sdg16.plus\/es\/wp-json\/wp\/v2\/comments?post=12552"}],"version-history":[{"count":0,"href":"https:\/\/www.sdg16.plus\/es\/wp-json\/wp\/v2\/pages\/12552\/revisions"}],"up":[{"embeddable":true,"href":"https:\/\/www.sdg16.plus\/es\/wp-json\/wp\/v2\/pages\/12541"}],"wp:attachment":[{"href":"https:\/\/www.sdg16.plus\/es\/wp-json\/wp\/v2\/media?parent=12552"}],"curies":[{"name":"wp","href":"https:\/\/api.w.org\/{rel}","templated":true}]}}