{"id":12543,"date":"2023-05-11T15:23:48","date_gmt":"2023-05-11T15:23:48","guid":{"rendered":"https:\/\/www.sdg16.plus\/?page_id=12543"},"modified":"2024-11-05T15:15:42","modified_gmt":"2024-11-05T15:15:42","slug":"colaboradores","status":"publish","type":"page","link":"https:\/\/www.sdg16.plus\/es\/inicio\/politica-sobre\/colaboradores\/","title":{"rendered":"Colaboradores"},"content":{"rendered":"<p><span style=\"font-weight: 400;\">El sitio web Soluciones para la Desigualdad es un proyecto de colaboraci\u00f3n entre personas y organizaciones que creen que el cambio es posible y se preocupan profundamente por reducir la desigualdad en todo el mundo. <\/span><\/p>\n<p><span style=\"font-weight: 400;\">El portal est\u00e1 comisariado por los Pathfinders for Peaceful, Inclusive and Just Societies (que tiene su sede en el Centro de Cooperaci\u00f3n Internacional de la NYU), en colaboraci\u00f3n con la CESPAO de las Naciones Unidas y otras instituciones acad\u00e9micas, estudiantes, expertos y grupos de la sociedad civil. Los autores pueden encontrarse bajo cada pol\u00edtica, mostrando el esfuerzo colectivo y las contribuciones que se han dedicado a crear este valioso recurso. <\/span><\/p>\n<p><b>Si tienes una pol\u00edtica innovadora que te gustar\u00eda compartir con el mundo, agradeceremos tus aportaciones. <\/b><\/p>\n<p><span style=\"font-weight: 400;\">Env\u00eda un correo electr\u00f3nico <a href=\"mailto:info@inequalitysolutions.com\">a info@inequalitysolutions.com<\/a><\/span> <span style=\"font-weight: 400;\">para someter tu idea pol\u00edtica a consideraci\u00f3n. <\/span><\/p>\n<p><i><span style=\"font-weight: 400;\">Juntos, podemos impulsar el progreso hacia un mundo m\u00e1s igualitario e inclusivo.<\/span><\/i><\/p>\n","protected":false},"excerpt":{"rendered":"<p>El sitio web Soluciones para la Desigualdad es un proyecto de colaboraci\u00f3n entre personas y organizaciones que creen que el cambio es posible y se preocupan profundamente por reducir la desigualdad en todo el mundo. El portal est\u00e1 comisariado por los Pathfinders for Peaceful, Inclusive and Just Societies (que tiene su sede en el Centro<\/p>\n","protected":false},"author":2,"featured_media":0,"parent":12557,"menu_order":0,"comment_status":"open","ping_status":"closed","template":"policies\/t-policy-flex.php","meta":{"_acf_changed":false,"footnotes":""},"class_list":["post-12543","page","type-page","status-publish","hentry"],"acf":[],"yoast_head":"<!-- This site is optimized with the Yoast SEO plugin v27.3 - https:\/\/yoast.com\/product\/yoast-seo-wordpress\/ -->\n<title>Colaboradores | Portal de Soluciones para la Desigualdad<\/title>\n<meta name=\"description\" content=\"\u00a1M\u00e1s informaci\u00f3n sobre los colaboradores del portal Soluciones para la Desigualdad!\" \/>\n<meta name=\"robots\" content=\"index, follow, max-snippet:-1, max-image-preview:large, max-video-preview:-1\" \/>\n<link rel=\"canonical\" href=\"https:\/\/www.sdg16.plus\/es\/inicio\/politica-sobre\/colaboradores\/\" \/>\n<meta property=\"og:locale\" content=\"es_ES\" \/>\n<meta property=\"og:type\" content=\"article\" \/>\n<meta property=\"og:title\" content=\"Colaboradores | Portal de Soluciones para la Desigualdad\" \/>\n<meta property=\"og:description\" content=\"\u00a1M\u00e1s informaci\u00f3n sobre los colaboradores del portal Soluciones para la Desigualdad!\" \/>\n<meta property=\"og:url\" content=\"https:\/\/www.sdg16.plus\/es\/inicio\/politica-sobre\/colaboradores\/\" \/>\n<meta property=\"og:site_name\" content=\"Pathfinders\" \/>\n<meta property=\"article:modified_time\" content=\"2024-11-05T15:15:42+00:00\" \/>\n<meta name=\"twitter:card\" content=\"summary_large_image\" \/>\n<meta name=\"twitter:label1\" content=\"Tiempo de lectura\" \/>\n\t<meta name=\"twitter:data1\" content=\"1 minuto\" \/>\n<script type=\"application\/ld+json\" class=\"yoast-schema-graph\">{\"@context\":\"https:\\\/\\\/schema.org\",\"@graph\":[{\"@type\":\"WebPage\",\"@id\":\"https:\\\/\\\/www.sdg16.plus\\\/es\\\/inicio\\\/politica-sobre\\\/colaboradores\\\/\",\"url\":\"https:\\\/\\\/www.sdg16.plus\\\/es\\\/inicio\\\/politica-sobre\\\/colaboradores\\\/\",\"name\":\"Colaboradores | Portal de Soluciones para la Desigualdad\",\"isPartOf\":{\"@id\":\"https:\\\/\\\/www.sdg16.plus\\\/es\\\/#website\"},\"datePublished\":\"2023-05-11T15:23:48+00:00\",\"dateModified\":\"2024-11-05T15:15:42+00:00\",\"description\":\"\u00a1M\u00e1s informaci\u00f3n sobre los colaboradores del portal Soluciones para la Desigualdad!\",\"breadcrumb\":{\"@id\":\"https:\\\/\\\/www.sdg16.plus\\\/es\\\/inicio\\\/politica-sobre\\\/colaboradores\\\/#breadcrumb\"},\"inLanguage\":\"es\",\"potentialAction\":[{\"@type\":\"ReadAction\",\"target\":[\"https:\\\/\\\/www.sdg16.plus\\\/es\\\/inicio\\\/politica-sobre\\\/colaboradores\\\/\"]}]},{\"@type\":\"BreadcrumbList\",\"@id\":\"https:\\\/\\\/www.sdg16.plus\\\/es\\\/inicio\\\/politica-sobre\\\/colaboradores\\\/#breadcrumb\",\"itemListElement\":[{\"@type\":\"ListItem\",\"position\":1,\"name\":\"Home\",\"item\":\"https:\\\/\\\/www.sdg16.plus\\\/es\\\/\"},{\"@type\":\"ListItem\",\"position\":2,\"name\":\"Inicio\",\"item\":\"https:\\\/\\\/www.sdg16.plus\\\/es\\\/inicio\\\/\"},{\"@type\":\"ListItem\",\"position\":3,\"name\":\"Pol\u00edtica Sobre\",\"item\":\"https:\\\/\\\/www.sdg16.plus\\\/es\\\/inicio\\\/politica-sobre\\\/\"},{\"@type\":\"ListItem\",\"position\":4,\"name\":\"Colaboradores\"}]},{\"@type\":\"WebSite\",\"@id\":\"https:\\\/\\\/www.sdg16.plus\\\/es\\\/#website\",\"url\":\"https:\\\/\\\/www.sdg16.plus\\\/es\\\/\",\"name\":\"Pathfinders\",\"description\":\"\",\"potentialAction\":[{\"@type\":\"SearchAction\",\"target\":{\"@type\":\"EntryPoint\",\"urlTemplate\":\"https:\\\/\\\/www.sdg16.plus\\\/es\\\/?s={search_term_string}\"},\"query-input\":{\"@type\":\"PropertyValueSpecification\",\"valueRequired\":true,\"valueName\":\"search_term_string\"}}],\"inLanguage\":\"es\"}]}<\/script>\n<!-- \/ Yoast SEO plugin. -->","yoast_head_json":{"title":"Colaboradores | Portal de Soluciones para la Desigualdad","description":"\u00a1M\u00e1s informaci\u00f3n sobre los colaboradores del portal Soluciones para la Desigualdad!","robots":{"index":"index","follow":"follow","max-snippet":"max-snippet:-1","max-image-preview":"max-image-preview:large","max-video-preview":"max-video-preview:-1"},"canonical":"https:\/\/www.sdg16.plus\/es\/inicio\/politica-sobre\/colaboradores\/","og_locale":"es_ES","og_type":"article","og_title":"Colaboradores | Portal de Soluciones para la Desigualdad","og_description":"\u00a1M\u00e1s informaci\u00f3n sobre los colaboradores del portal Soluciones para la Desigualdad!","og_url":"https:\/\/www.sdg16.plus\/es\/inicio\/politica-sobre\/colaboradores\/","og_site_name":"Pathfinders","article_modified_time":"2024-11-05T15:15:42+00:00","twitter_card":"summary_large_image","twitter_misc":{"Tiempo de lectura":"1 minuto"},"schema":{"@context":"https:\/\/schema.org","@graph":[{"@type":"WebPage","@id":"https:\/\/www.sdg16.plus\/es\/inicio\/politica-sobre\/colaboradores\/","url":"https:\/\/www.sdg16.plus\/es\/inicio\/politica-sobre\/colaboradores\/","name":"Colaboradores | Portal de Soluciones para la Desigualdad","isPartOf":{"@id":"https:\/\/www.sdg16.plus\/es\/#website"},"datePublished":"2023-05-11T15:23:48+00:00","dateModified":"2024-11-05T15:15:42+00:00","description":"\u00a1M\u00e1s informaci\u00f3n sobre los colaboradores del portal Soluciones para la Desigualdad!","breadcrumb":{"@id":"https:\/\/www.sdg16.plus\/es\/inicio\/politica-sobre\/colaboradores\/#breadcrumb"},"inLanguage":"es","potentialAction":[{"@type":"ReadAction","target":["https:\/\/www.sdg16.plus\/es\/inicio\/politica-sobre\/colaboradores\/"]}]},{"@type":"BreadcrumbList","@id":"https:\/\/www.sdg16.plus\/es\/inicio\/politica-sobre\/colaboradores\/#breadcrumb","itemListElement":[{"@type":"ListItem","position":1,"name":"Home","item":"https:\/\/www.sdg16.plus\/es\/"},{"@type":"ListItem","position":2,"name":"Inicio","item":"https:\/\/www.sdg16.plus\/es\/inicio\/"},{"@type":"ListItem","position":3,"name":"Pol\u00edtica Sobre","item":"https:\/\/www.sdg16.plus\/es\/inicio\/politica-sobre\/"},{"@type":"ListItem","position":4,"name":"Colaboradores"}]},{"@type":"WebSite","@id":"https:\/\/www.sdg16.plus\/es\/#website","url":"https:\/\/www.sdg16.plus\/es\/","name":"Pathfinders","description":"","potentialAction":[{"@type":"SearchAction","target":{"@type":"EntryPoint","urlTemplate":"https:\/\/www.sdg16.plus\/es\/?s={search_term_string}"},"query-input":{"@type":"PropertyValueSpecification","valueRequired":true,"valueName":"search_term_string"}}],"inLanguage":"es"}]}},"_links":{"self":[{"href":"https:\/\/www.sdg16.plus\/es\/wp-json\/wp\/v2\/pages\/12543","targetHints":{"allow":["GET"]}}],"collection":[{"href":"https:\/\/www.sdg16.plus\/es\/wp-json\/wp\/v2\/pages"}],"about":[{"href":"https:\/\/www.sdg16.plus\/es\/wp-json\/wp\/v2\/types\/page"}],"author":[{"embeddable":true,"href":"https:\/\/www.sdg16.plus\/es\/wp-json\/wp\/v2\/users\/2"}],"replies":[{"embeddable":true,"href":"https:\/\/www.sdg16.plus\/es\/wp-json\/wp\/v2\/comments?post=12543"}],"version-history":[{"count":0,"href":"https:\/\/www.sdg16.plus\/es\/wp-json\/wp\/v2\/pages\/12543\/revisions"}],"up":[{"embeddable":true,"href":"https:\/\/www.sdg16.plus\/es\/wp-json\/wp\/v2\/pages\/12557"}],"wp:attachment":[{"href":"https:\/\/www.sdg16.plus\/es\/wp-json\/wp\/v2\/media?parent=12543"}],"curies":[{"name":"wp","href":"https:\/\/api.w.org\/{rel}","templated":true}]}}